{"id":110,"date":"2026-04-07T17:40:14","date_gmt":"2026-04-07T20:40:14","guid":{"rendered":"http:\/\/acq2020.org.portalesdenegocios.com\/?page_id=110"},"modified":"2026-04-10T18:32:57","modified_gmt":"2026-04-10T21:32:57","slug":"que-es-acq2020","status":"publish","type":"page","link":"https:\/\/www.acq2020.org\/index.php\/que-es-acq2020\/","title":{"rendered":"\u00bfQu\u00e9 es ACQ2020?"},"content":{"rendered":"<div class=\"et_pb_section_0 et_pb_section et_section_regular et_flex_section et_pb_section_parallax\"><span class=\"et-pb-parallax-wrapper\"><span class=\"et-pb-parallax-background et-pb-parallax-background--css et-pb-parallax-background-module--divi-section-0\" style=\"background-image:url(https:\/\/www.acq2020.org\/wp-content\/uploads\/2026\/04\/exterminator-work-clothes-sprays-pesticides-with-spray-gun-fight-against-insects-apartments-houses-disinsection-premises-scaled.jpg)\"><\/span><\/span>\n<div class=\"et_pb_row_0 et_pb_row et_flex_row\">\n<div class=\"et_pb_column_0 et_pb_column et-last-child et_flex_column et_pb_css_mix_blend_mode_passthrough et_flex_column_24_24 et_flex_column_24_24_tablet et_flex_column_24_24_phone\">\n<div class=\"et_pb_divider_0 et_pb_divider_hidden et_pb_space et_pb_divider_position_top et_pb_module\"><div class=\"et_pb_divider_internal\"><\/div><\/div>\n<\/div>\n<\/div>\n<\/div>\n\n<div class=\"et_pb_section_1 et_pb_section et_section_regular et_flex_section\">\n<div class=\"et_pb_row_1 et_pb_row et_flex_row et_animated\">\n<div class=\"et_pb_column_1 et_pb_column et_flex_column et_pb_css_mix_blend_mode_passthrough et_flex_column_12_24 et_flex_column_12_24_tablet et_flex_column_24_24_phone\">\n<div class=\"et_pb_text_0 et_pb_text et_pb_bg_layout_light et_pb_module et_flex_module\"><div class=\"et_pb_text_inner\"><h1>ACQ 2020 \u00ae - DESINFECTANTE 0.05%<\/h1>\n<\/div><\/div>\n\n<div class=\"et_pb_divider_1 et_pb_divider et_pb_space et_pb_divider_position_top et_pb_module\"><div class=\"et_pb_divider_internal\"><\/div><\/div>\n\n<div class=\"et_pb_text_1 et_pb_text et_pb_bg_layout_light et_pb_module et_flex_module\"><div class=\"et_pb_text_inner\"><p>Es un formulado de Per\u00f3xido de Hidr\u00f3geno de Actividad Mejorada (EAHP), con efectividad demostrada sobre microorganismos. ACQ2020 0.05% elimina material gen\u00e9tico, prote\u00ednas de membrana y otros componentes celulares de agentes nocivos; alterando la capacidad reproductiva de los microorganismos, determinando su destrucci\u00f3n e impidiendo su proliferaci\u00f3n, adem\u00e1s, con un efecto directo sobre biofilm, destruyendo esta capa protectora, de manera que el producto puede actuar sobre la totalidad de los microorganismos, lo que permite lograr sanitizaci\u00f3n y esterilizaci\u00f3n de superficie o zonas tratadas. <\/p>\n<p>ACQ2020 0.05% es una soluci\u00f3n para el control de estos agentes adversos, que presentan riesgos para la salud humana, animal y medio ambiente.<\/p>\n<\/div><\/div>\n<\/div>\n\n<div class=\"et_pb_column_2 et_pb_column et-last-child et_flex_column et_pb_css_mix_blend_mode_passthrough et_flex_column_12_24 et_flex_column_12_24_tablet et_flex_column_24_24_phone\">\n<div class=\"et_pb_row_2 et_pb_row et_pb_row_nested et_flex_row\">\n<div class=\"et_pb_column_3 et_pb_column et-last-child et_flex_column et_pb_css_mix_blend_mode_passthrough et_flex_column_24_24 et_flex_column_24_24_tablet et_flex_column_24_24_phone\">\n<div class=\"et_pb_image_0 et_pb_image et_pb_module et_flex_module\"><span class=\"et_pb_image_wrap\"><img loading=\"lazy\" decoding=\"async\" src=\"https:\/\/www.acq2020.org\/wp-content\/uploads\/2026\/04\/Botella-de-limpieza-y-ambiente-minimalista-e1775601225529.png\" title=\"Botella de limpieza y ambiente minimalista\" width=\"1535\" height=\"916\" srcset=\"https:\/\/www.acq2020.org\/wp-content\/uploads\/2026\/04\/Botella-de-limpieza-y-ambiente-minimalista-e1775601225529.png 1535w, https:\/\/www.acq2020.org\/wp-content\/uploads\/2026\/04\/Botella-de-limpieza-y-ambiente-minimalista-e1775601225529-1280x720.png 1280w, https:\/\/www.acq2020.org\/wp-content\/uploads\/2026\/04\/Botella-de-limpieza-y-ambiente-minimalista-e1775601225529-980x551.png 980w, https:\/\/www.acq2020.org\/wp-content\/uploads\/2026\/04\/Botella-de-limpieza-y-ambiente-minimalista-e1775601225529-480x270.png 480w\" sizes=\"(min-width: 0px) and (max-width: 480px) 480px, (min-width: 481px) and (max-width: 980px) 980px, (min-width: 981px) and (max-width: 1280px) 1280px, (min-width: 1281px) 1535px, 100vw\" class=\"wp-image-193\" \/><\/span><\/div>\n<\/div>\n<\/div>\n\n<div class=\"et_pb_row_3 et_pb_row et_pb_row_nested et_flex_row\">\n<div class=\"et_pb_column_4 et_pb_column et_flex_column et_pb_css_mix_blend_mode_passthrough et_flex_column_12_24 et_flex_column_24_24_tablet et_flex_column_24_24_phone\">\n<div class=\"et_pb_image_1 et_pb_image et_pb_module et_flex_module\"><span class=\"et_pb_image_wrap\"><img loading=\"lazy\" decoding=\"async\" src=\"https:\/\/www.acq2020.org\/wp-content\/uploads\/2026\/04\/cute-littly-girl-hugging-german-shepherd-dog-puppy-cozy-sofa-scaled.jpg\" title=\"cute-littly-girl-hugging-german-shepherd-dog-puppy-cozy-sofa\" width=\"2560\" height=\"2560\" srcset=\"https:\/\/www.acq2020.org\/wp-content\/uploads\/2026\/04\/cute-littly-girl-hugging-german-shepherd-dog-puppy-cozy-sofa-scaled.jpg 2560w, https:\/\/www.acq2020.org\/wp-content\/uploads\/2026\/04\/cute-littly-girl-hugging-german-shepherd-dog-puppy-cozy-sofa-1280x1280.jpg 1280w, https:\/\/www.acq2020.org\/wp-content\/uploads\/2026\/04\/cute-littly-girl-hugging-german-shepherd-dog-puppy-cozy-sofa-980x980.jpg 980w, https:\/\/www.acq2020.org\/wp-content\/uploads\/2026\/04\/cute-littly-girl-hugging-german-shepherd-dog-puppy-cozy-sofa-480x480.jpg 480w\" sizes=\"(min-width: 0px) and (max-width: 480px) 480px, (min-width: 481px) and (max-width: 980px) 980px, (min-width: 981px) and (max-width: 1280px) 1280px, (min-width: 1281px) 2560px, 100vw\" class=\"wp-image-198\" \/><\/span><\/div>\n<\/div>\n\n<div class=\"et_pb_column_5 et_pb_column et-last-child et_flex_column et_pb_css_mix_blend_mode_passthrough et_flex_column_12_24 et_flex_column_24_24_tablet et_flex_column_24_24_phone\">\n<div class=\"et_pb_image_2 et_pb_image et_pb_module et_flex_module\"><span class=\"et_pb_image_wrap\"><img loading=\"lazy\" decoding=\"async\" src=\"https:\/\/www.acq2020.org\/wp-content\/uploads\/2026\/04\/medium-shot-smiley-family-indoors-scaled.jpg\" title=\"medium-shot-smiley-family-indoors\" width=\"2560\" height=\"2560\" srcset=\"https:\/\/www.acq2020.org\/wp-content\/uploads\/2026\/04\/medium-shot-smiley-family-indoors-scaled.jpg 2560w, https:\/\/www.acq2020.org\/wp-content\/uploads\/2026\/04\/medium-shot-smiley-family-indoors-1280x1280.jpg 1280w, https:\/\/www.acq2020.org\/wp-content\/uploads\/2026\/04\/medium-shot-smiley-family-indoors-980x980.jpg 980w, https:\/\/www.acq2020.org\/wp-content\/uploads\/2026\/04\/medium-shot-smiley-family-indoors-480x480.jpg 480w\" sizes=\"(min-width: 0px) and (max-width: 480px) 480px, (min-width: 481px) and (max-width: 980px) 980px, (min-width: 981px) and (max-width: 1280px) 1280px, (min-width: 1281px) 2560px, 100vw\" class=\"wp-image-199\" \/><\/span><\/div>\n<\/div>\n<\/div>\n<\/div>\n<\/div>\n<\/div>\n\n<div class=\"et_pb_section_2 et_pb_section et_section_regular et_flex_section\">\n<div class=\"et_pb_row_4 et_pb_row et_flex_row\">\n<div class=\"et_pb_column_6 et_pb_column et-last-child et_flex_column et_pb_css_mix_blend_mode_passthrough et_flex_column_24_24 et_flex_column_24_24_tablet et_flex_column_24_24_phone\">\n<div class=\"et_pb_text_2 et_pb_text et_pb_bg_layout_light et_pb_module et_flex_module\"><div class=\"et_pb_text_inner\"><p>Por tanto, ACQ2020 al 0,05% es la Valkyria de los desinfectantes, que se caracteriza por ser Benigno por dise\u00f1o, lo cual se traduce en:<\/p>\n<\/div><\/div>\n<\/div>\n<\/div>\n<\/div>\n\n<div class=\"et_pb_section_3 et_pb_section et_section_regular et_flex_section\">\n<div class=\"et_pb_row_5 et_pb_row et_flex_row\">\n<div class=\"et_pb_column_7 et_pb_column et_flex_column et_pb_css_mix_blend_mode_passthrough et_flex_column_8_24 et_flex_column_8_24_tablet et_flex_column_24_24_phone\">\n<div class=\"et_pb_text_3 et_pb_text et_pb_bg_layout_dark et_animated et_pb_module et_flex_module\"><div class=\"et_pb_text_inner\"><p>Producto 100% biodegradable<\/p>\n<\/div><\/div>\n<\/div>\n\n<div class=\"et_pb_column_8 et_pb_column et_flex_column et_pb_css_mix_blend_mode_passthrough et_flex_column_8_24 et_flex_column_8_24_tablet et_flex_column_24_24_phone\">\n<div class=\"et_pb_text_4 et_pb_text et_pb_bg_layout_dark et_animated et_pb_module et_flex_module\"><div class=\"et_pb_text_inner\"><p>No corrosivo<\/p>\n<\/div><\/div>\n<\/div>\n\n<div class=\"et_pb_column_9 et_pb_column et-last-child et_flex_column et_pb_css_mix_blend_mode_passthrough et_flex_column_8_24 et_flex_column_8_24_tablet et_flex_column_24_24_phone\">\n<div class=\"et_pb_text_5 et_pb_text et_pb_bg_layout_dark et_animated et_pb_module et_flex_module\"><div class=\"et_pb_text_inner\"><p>No T\u00f3xico<\/p>\n<\/div><\/div>\n<\/div>\n<\/div>\n\n<div class=\"et_pb_row_6 et_pb_row et_flex_row\">\n<div class=\"et_pb_column_10 et_pb_column et_flex_column et_pb_css_mix_blend_mode_passthrough et_flex_column_8_24 et_flex_column_8_24_tablet et_flex_column_24_24_phone\">\n<div class=\"et_pb_text_6 et_pb_text et_pb_bg_layout_dark et_animated et_pb_module et_flex_module\"><div class=\"et_pb_text_inner\"><p>De baja conductividad<\/p>\n<\/div><\/div>\n<\/div>\n\n<div class=\"et_pb_column_11 et_pb_column et_flex_column et_pb_css_mix_blend_mode_passthrough et_flex_column_8_24 et_flex_column_8_24_tablet et_flex_column_24_24_phone\">\n<div class=\"et_pb_text_7 et_pb_text et_pb_bg_layout_dark et_animated et_pb_module et_flex_module\"><div class=\"et_pb_text_inner\"><p>Ecofriendly<\/p>\n<\/div><\/div>\n<\/div>\n\n<div class=\"et_pb_column_12 et_pb_column et-last-child et_flex_column et_pb_css_mix_blend_mode_passthrough et_flex_column_8_24 et_flex_column_8_24_tablet et_flex_column_24_24_phone\">\n<div class=\"et_pb_text_8 et_pb_text et_pb_bg_layout_dark et_animated et_pb_module et_flex_module\"><div class=\"et_pb_text_inner\"><p>Acci\u00f3n de 24 horas<\/p>\n<\/div><\/div>\n<\/div>\n<\/div>\n<\/div>\n\n<div class=\"et_pb_section_4 et_pb_section et_section_regular et_flex_section\">\n<div class=\"et_pb_row_7 et_pb_row et_flex_row\">\n<div class=\"et_pb_column_13 et_pb_column et-last-child et_flex_column et_pb_css_mix_blend_mode_passthrough et_flex_column_24_24 et_flex_column_24_24_tablet et_flex_column_24_24_phone\">\n<div class=\"et_pb_text_9 et_pb_text et_pb_bg_layout_light et_pb_module et_flex_module\"><div class=\"et_pb_text_inner\"><p>Lo que permite su uso seguro en distintos ambientes laborales, industriales, cl\u00ednicos, alimentarios, hoteler\u00eda, transporte a\u00e9reo, mar\u00edtimo y terrestre, entre otros, asociados o no a equipamientos y dispositivos electr\u00f3nicos.<\/p>\n<\/div><\/div>\n<\/div>\n<\/div>\n<\/div>\n\n<div class=\"et_pb_section_5 et_pb_section et_section_regular et_flex_section\">\n<div class=\"et_pb_row_8 et_pb_row et_flex_row et_animated\">\n<div class=\"et_pb_column_14 et_pb_column et_flex_column et_pb_css_mix_blend_mode_passthrough et_flex_column_3_5 et_flex_column_3_5_tablet et_flex_column_24_24_phone\">\n<div class=\"et_pb_text_10 et_pb_text et_pb_bg_layout_light et_pb_module et_flex_module\"><div class=\"et_pb_text_inner\"><h2>La historia de la Valkyria de los desinfectantes<\/h2>\n<\/div><\/div>\n\n<div class=\"et_pb_divider_2 et_pb_divider et_pb_space et_pb_divider_position_top et_pb_module\"><div class=\"et_pb_divider_internal\"><\/div><\/div>\n\n<div class=\"et_pb_text_11 et_pb_text et_pb_bg_layout_light et_pb_module et_flex_module\"><div class=\"et_pb_text_inner\"><p>Durante la pandemia, el equipo de Dra. Laura B\u00f6rgel A y C\u00eda Ltda y su \u00e1rea de I+D+I investig\u00f3 mejoras en el uso del per\u00f3xido de hidr\u00f3geno como desinfectante.<\/p>\n<p>El objetivo fue mantener la eficacia conocida de los per\u00f3xidos, reduciendo sus limitaciones tradicionales asociadas a corrosividad, reactividad y toxicidad.<\/p>\n<p>Bajo el concepto \u201cbenigno por dise\u00f1o\u201d, se desarroll\u00f3 la formulaci\u00f3n ACQ2020 al 0,05% y otras formulaciones seguras de manipular, no peligrosas para transporte ni almacenamiento e inocuas para el medioambiente.<\/p>\n<\/div><\/div>\n<\/div>\n\n<div class=\"et_pb_column_15 et_pb_column et-last-child et_flex_column et_pb_css_mix_blend_mode_passthrough et_flex_column_2_5 et_flex_column_2_5_tablet et_flex_column_24_24_phone\">\n<div class=\"et_pb_image_3 et_pb_image et_pb_module et_flex_module\"><span class=\"et_pb_image_wrap\"><img loading=\"lazy\" decoding=\"async\" src=\"https:\/\/www.acq2020.org\/wp-content\/uploads\/2026\/04\/bidonacq.png\" title=\"bidonacq\" width=\"1280\" height=\"720\" srcset=\"https:\/\/www.acq2020.org\/wp-content\/uploads\/2026\/04\/bidonacq.png 1280w, https:\/\/www.acq2020.org\/wp-content\/uploads\/2026\/04\/bidonacq-980x551.png 980w, https:\/\/www.acq2020.org\/wp-content\/uploads\/2026\/04\/bidonacq-480x270.png 480w\" sizes=\"(min-width: 0px) and (max-width: 480px) 480px, (min-width: 481px) and (max-width: 980px) 980px, (min-width: 981px) 1280px, 100vw\" class=\"wp-image-238\" \/><\/span><\/div>\n<\/div>\n<\/div>\n<\/div>\n\n<div class=\"et_pb_section_6 et_pb_section et_section_regular et_flex_section\">\n<div class=\"et_pb_row_9 et_pb_row et_flex_row\">\n<div class=\"et_pb_column_16 et_pb_column et_flex_column et_pb_css_mix_blend_mode_passthrough et_flex_column_12_24 et_flex_column_12_24_tablet et_flex_column_24_24_phone\">\n<div class=\"et_pb_blurb_0 et_pb_blurb et_pb_bg_layout_light et_pb_blurb_position_top et_pb_module et_flex_module\"><div class=\"et_pb_blurb_content et_flex_module\"><div class=\"et_pb_blurb_container\"><h4 class=\"et_pb_module_header\">Visi\u00f3n<\/h4><div class=\"et_pb_blurb_description\"><p>Ser referente nacional e internacional en soluciones de desinfecci\u00f3n de alta eficacia, desarrolladas bajo principios de seguridad, sustentabilidad y respaldo cient\u00edfico, contribuyendo a la protecci\u00f3n de la salud humana, animal y del medio ambiente.<\/p>\n<p>Aspiramos a liderar la evoluci\u00f3n hacia desinfectantes m\u00e1s seguros, biodegradables y tecnol\u00f3gicamente avanzados, reemplazando progresivamente formulaciones agresivas por soluciones benignas por dise\u00f1o.<\/p>\n<\/div><\/div><\/div><\/div>\n<\/div>\n\n<div class=\"et_pb_column_17 et_pb_column et-last-child et_flex_column et_pb_css_mix_blend_mode_passthrough et_flex_column_12_24 et_flex_column_12_24_tablet et_flex_column_24_24_phone\">\n<div class=\"et_pb_blurb_1 et_pb_blurb et_pb_bg_layout_light et_pb_blurb_position_top et_pb_module et_flex_module\"><div class=\"et_pb_blurb_content et_flex_module\"><div class=\"et_pb_blurb_container\"><h4 class=\"et_pb_module_header\">Misi\u00f3n<\/h4><div class=\"et_pb_blurb_description\"><p>Desarrollar y proveer soluciones de desinfecci\u00f3n basadas en evidencia cient\u00edfica, que garanticen eficacia microbiol\u00f3gica, seguridad operacional y m\u00ednimo impacto ambiental.<\/p>\n<p>En ACQ2020 trabajamos para ofrecer productos de alta performance que permitan a nuestros clientes mantener est\u00e1ndares superiores de bioseguridad, optimizar sus procesos sanitarios y cumplir normativas vigentes sin comprometer la sustentabilidad ni la integridad de sus instalaciones y equipos.<\/p>\n<\/div><\/div><\/div><\/div>\n<\/div>\n<\/div>\n<\/div>\n\n<div class=\"et_pb_section_7 et_pb_section et_section_regular et_flex_section et_pb_section_parallax\"><span class=\"et-pb-parallax-wrapper\"><span class=\"et-pb-parallax-background et-pb-parallax-background-module--divi-section-7\" style=\"background-image:url(https:\/\/www.acq2020.org\/wp-content\/uploads\/2026\/04\/Banner2.jpg)\"><\/span><\/span>\n<div class=\"et_pb_row_10 et_pb_row et_flex_row\">\n<div class=\"et_pb_column_18 et_pb_column et-last-child et_flex_column et_pb_css_mix_blend_mode_passthrough et_flex_column_24_24 et_flex_column_24_24_tablet et_flex_column_24_24_phone\">\n<div class=\"et_pb_divider_3 et_pb_divider_hidden et_pb_space et_pb_divider_position_top et_pb_module\"><div class=\"et_pb_divider_internal\"><\/div><\/div>\n<\/div>\n<\/div>\n<\/div>\n\n<div class=\"et_pb_section_8 et_pb_section et_section_regular et_flex_section\">\n<div class=\"et_pb_row_11 et_pb_row et_flex_row\">\n<div class=\"et_pb_column_19 et_pb_column et-last-child et_flex_column et_pb_css_mix_blend_mode_passthrough et_flex_column_24_24 et_flex_column_24_24_tablet et_flex_column_24_24_phone\">\n<div class=\"et_pb_text_12 et_pb_text et_pb_bg_layout_light et_pb_module et_flex_module\"><div class=\"et_pb_text_inner\"><h3>Metodolog\u00eda ACQ<\/h3>\n<\/div><\/div>\n\n<div class=\"et_pb_divider_4 et_pb_divider et_pb_space et_pb_divider_position_top et_pb_module\"><div class=\"et_pb_divider_internal\"><\/div><\/div>\n\n<div class=\"et_pb_text_13 et_pb_text et_pb_bg_layout_light et_pb_module et_flex_module\"><div class=\"et_pb_text_inner\"><p>Nuestra metodolog\u00eda se basa en un enfoque integral que combina investigaci\u00f3n cient\u00edfica, validaci\u00f3n t\u00e9cnica y aplicaci\u00f3n responsable..<\/p>\n<\/div><\/div>\n<\/div>\n<\/div>\n<\/div>","protected":false},"excerpt":{"rendered":"","protected":false},"author":1,"featured_media":0,"parent":0,"menu_order":0,"comment_status":"closed","ping_status":"closed","template":"","meta":{"footnotes":""},"class_list":["post-110","page","type-page","status-publish","hentry"],"_links":{"self":[{"href":"https:\/\/www.acq2020.org\/index.php\/wp-json\/wp\/v2\/pages\/110","targetHints":{"allow":["GET"]}}],"collection":[{"href":"https:\/\/www.acq2020.org\/index.php\/wp-json\/wp\/v2\/pages"}],"about":[{"href":"https:\/\/www.acq2020.org\/index.php\/wp-json\/wp\/v2\/types\/page"}],"author":[{"embeddable":true,"href":"https:\/\/www.acq2020.org\/index.php\/wp-json\/wp\/v2\/users\/1"}],"replies":[{"embeddable":true,"href":"https:\/\/www.acq2020.org\/index.php\/wp-json\/wp\/v2\/comments?post=110"}],"version-history":[{"count":52,"href":"https:\/\/www.acq2020.org\/index.php\/wp-json\/wp\/v2\/pages\/110\/revisions"}],"predecessor-version":[{"id":730,"href":"https:\/\/www.acq2020.org\/index.php\/wp-json\/wp\/v2\/pages\/110\/revisions\/730"}],"wp:attachment":[{"href":"https:\/\/www.acq2020.org\/index.php\/wp-json\/wp\/v2\/media?parent=110"}],"curies":[{"name":"wp","href":"https:\/\/api.w.org\/{rel}","templated":true}]}}